{"id":1680,"date":"2025-07-10T01:01:38","date_gmt":"2025-07-09T23:01:38","guid":{"rendered":"https:\/\/amvs.ch\/?page_id=1680"},"modified":"2025-07-10T01:01:38","modified_gmt":"2025-07-09T23:01:38","slug":"mission","status":"publish","type":"page","link":"https:\/\/amvs.ch\/fr\/mission\/","title":{"rendered":"Mission"},"content":{"rendered":"<div class=\"wpb-content-wrapper\">[vc_row][vc_column][vc_column_text css=\u00a0\u00bb\u00a0\u00bb]\n<h1>AMVS &#8211; Mission<\/h1>\n<h3>Qui sommes-nous?<\/h3>\n<p>L&rsquo;Association Suisse de M\u00e9decine Ayurv\u00e9dique (AMVS) est l&rsquo;association professionnelle des naturopathes titulaires d&rsquo;un dipl\u00f4me f\u00e9d\u00e9ral en m\u00e9decine ayurv\u00e9dique. Nous sommes le point central d&rsquo;information et de contact pour la m\u00e9decine ayurv\u00e9dique en Suisse. L&rsquo;AMVS est synonyme d&rsquo;innovation et de d\u00e9veloppement de la m\u00e9decine ayurv\u00e9dique, tout en pr\u00e9servant et en respectant les traditions v\u00e9diques.<\/p>\n<h3>Quels sont nos objectifs?<\/h3>\n<p>L&rsquo;AMVS soutient les naturopathes en m\u00e9decine ayurv\u00e9dique, encourage la rel\u00e8ve et influence l&rsquo;image de la profession dans la politique et la soci\u00e9t\u00e9. Les pr\u00e9occupations et les int\u00e9r\u00eats des naturopathes en m\u00e9decine ayurv\u00e9dique sont entendus par les politiques, les autorit\u00e9s, les acteurs importants, le public et les m\u00e9dias au niveau national et cantonal. La m\u00e9decine ayurv\u00e9dique est notamment reconnue, accept\u00e9e et rembours\u00e9e par les caisses d&rsquo;assurance maladie. Le r\u00e9seau international est activement v\u00e9cu, encourag\u00e9 et d\u00e9velopp\u00e9. Il s&rsquo;agit d&rsquo;une part d&rsquo;acteurs internationaux (comme AYUSH ou l&rsquo;OMS) et d&rsquo;autre part de professionnels.<\/p>\n<h3>Comment atteindre nos objectifs?<\/h3>\n<p>Nous informons activement et largement sur l&rsquo;utilisation et les effets de la m\u00e9decine ayurv\u00e9dique. La logique et la compr\u00e9hension des lois universelles de la nature constituent le fondement de notre conception de la sant\u00e9. Le travail d&rsquo;information se fait par exemple par le biais de conf\u00e9rences, d&rsquo;interviews, de lobbying et de travail en r\u00e9seau, tant au niveau local, national qu&rsquo;international. Nous augmentons la visibilit\u00e9 de l&rsquo;Ayurveda en tant qu&rsquo;association, en collaboration avec des partenaires, mais aussi en tant que membres. Nous soutenons nos membres dans l&rsquo;exercice de leur profession par des services vari\u00e9s, des formations continues et des supervisions. Nous travaillons dans un esprit de service et tenons nos offres \u00e0 jour.<\/p>\n<h3>Quelles sont nos valeurs?<\/h3>\n<p>Les pr\u00e9occupations de nos membres sont au c\u0153ur de notre action. Nous \u00e9changeons avec eux et entretenons une culture de portes ouvertes et d&rsquo;oreilles attentives. Nous entretenons des relations empathiques, respectueuses et partenariales. Nous sommes authentiques, ouverts et assumons une grande responsabilit\u00e9. Nous recherchons l&rsquo;\u00e9change et la collaboration avec d&rsquo;autres sp\u00e9cialistes, par exemple avec des repr\u00e9sentants de la m\u00e9decine conventionnelle et des th\u00e9rapeutes compl\u00e9mentaires ayurv\u00e9diques dipl\u00f4m\u00e9s. Nous sommes une organisation apprenante et nous nous engageons \u00e0 respecter les principes de bonne gestion de l&rsquo;association, de transparence et de durabilit\u00e9.[\/vc_column_text][\/vc_column][\/vc_row]\n<\/div>","protected":false},"excerpt":{"rendered":"<p>[vc_row][vc_column][vc_column_text css=\u00a0\u00bb\u00a0\u00bb] AMVS &#8211; Mission Qui sommes-nous? L&rsquo;Association Suisse de M\u00e9decine Ayurv\u00e9dique (AMVS) est l&rsquo;association professionnelle des naturopathes titulaires d&rsquo;un dipl\u00f4me f\u00e9d\u00e9ral en m\u00e9decine ayurv\u00e9dique. Nous sommes le point central d&rsquo;information et de contact pour la m\u00e9decine ayurv\u00e9dique en Suisse. L&rsquo;AMVS est synonyme d&rsquo;innovation et de d\u00e9veloppement de la m\u00e9decine ayurv\u00e9dique, tout en pr\u00e9servant et&hellip;<\/p>\n","protected":false},"author":9,"featured_media":0,"parent":0,"menu_order":0,"comment_status":"closed","ping_status":"closed","template":"","meta":{"footnotes":""},"class_list":["post-1680","page","type-page","status-publish","hentry"],"yoast_head":"<!-- This site is optimized with the Yoast SEO plugin v27.3 - https:\/\/yoast.com\/product\/yoast-seo-wordpress\/ -->\n<title>Mission - AMVS - Ayurveda Medizin Verband Schweiz<\/title>\n<meta name=\"robots\" content=\"index, follow, max-snippet:-1, max-image-preview:large, max-video-preview:-1\" \/>\n<link rel=\"canonical\" href=\"https:\/\/amvs.ch\/fr\/mission\/\" \/>\n<meta property=\"og:locale\" content=\"fr_FR\" \/>\n<meta property=\"og:type\" content=\"article\" \/>\n<meta property=\"og:title\" content=\"Mission - AMVS - Ayurveda Medizin Verband Schweiz\" \/>\n<meta property=\"og:description\" content=\"[vc_row][vc_column][vc_column_text css=\u00a0\u00bb\u00a0\u00bb] AMVS &#8211; Mission Qui sommes-nous? L&rsquo;Association Suisse de M\u00e9decine Ayurv\u00e9dique (AMVS) est l&rsquo;association professionnelle des naturopathes titulaires d&rsquo;un dipl\u00f4me f\u00e9d\u00e9ral en m\u00e9decine ayurv\u00e9dique. Nous sommes le point central d&rsquo;information et de contact pour la m\u00e9decine ayurv\u00e9dique en Suisse. L&rsquo;AMVS est synonyme d&rsquo;innovation et de d\u00e9veloppement de la m\u00e9decine ayurv\u00e9dique, tout en pr\u00e9servant et&hellip;\" \/>\n<meta property=\"og:url\" content=\"https:\/\/amvs.ch\/fr\/mission\/\" \/>\n<meta property=\"og:site_name\" content=\"AMVS - Ayurveda Medizin Verband Schweiz\" \/>\n<meta name=\"twitter:card\" content=\"summary_large_image\" \/>\n<meta name=\"twitter:label1\" content=\"Dur\u00e9e de lecture estim\u00e9e\" \/>\n\t<meta name=\"twitter:data1\" content=\"3 minutes\" \/>\n<script type=\"application\/ld+json\" class=\"yoast-schema-graph\">{\"@context\":\"https:\\\/\\\/schema.org\",\"@graph\":[{\"@type\":\"WebPage\",\"@id\":\"https:\\\/\\\/amvs.ch\\\/fr\\\/mission\\\/\",\"url\":\"https:\\\/\\\/amvs.ch\\\/fr\\\/mission\\\/\",\"name\":\"Mission - AMVS - Ayurveda Medizin Verband Schweiz\",\"isPartOf\":{\"@id\":\"https:\\\/\\\/amvs.ch\\\/fr\\\/#website\"},\"datePublished\":\"2025-07-09T23:01:38+00:00\",\"breadcrumb\":{\"@id\":\"https:\\\/\\\/amvs.ch\\\/fr\\\/mission\\\/#breadcrumb\"},\"inLanguage\":\"fr-FR\",\"potentialAction\":[{\"@type\":\"ReadAction\",\"target\":[\"https:\\\/\\\/amvs.ch\\\/fr\\\/mission\\\/\"]}]},{\"@type\":\"BreadcrumbList\",\"@id\":\"https:\\\/\\\/amvs.ch\\\/fr\\\/mission\\\/#breadcrumb\",\"itemListElement\":[{\"@type\":\"ListItem\",\"position\":1,\"name\":\"Startseite\",\"item\":\"https:\\\/\\\/amvs.ch\\\/fr\\\/\"},{\"@type\":\"ListItem\",\"position\":2,\"name\":\"Mission\"}]},{\"@type\":\"WebSite\",\"@id\":\"https:\\\/\\\/amvs.ch\\\/fr\\\/#website\",\"url\":\"https:\\\/\\\/amvs.ch\\\/fr\\\/\",\"name\":\"AMVS - Ayurveda Medizin Verband Schweiz\",\"description\":\"Ayurveda Medizin Verband Schweiz\",\"publisher\":{\"@id\":\"https:\\\/\\\/amvs.ch\\\/fr\\\/#organization\"},\"potentialAction\":[{\"@type\":\"SearchAction\",\"target\":{\"@type\":\"EntryPoint\",\"urlTemplate\":\"https:\\\/\\\/amvs.ch\\\/fr\\\/?s={search_term_string}\"},\"query-input\":{\"@type\":\"PropertyValueSpecification\",\"valueRequired\":true,\"valueName\":\"search_term_string\"}}],\"inLanguage\":\"fr-FR\"},{\"@type\":\"Organization\",\"@id\":\"https:\\\/\\\/amvs.ch\\\/fr\\\/#organization\",\"name\":\"Ayurveda Medizin Verband Schweiz\",\"url\":\"https:\\\/\\\/amvs.ch\\\/fr\\\/\",\"logo\":{\"@type\":\"ImageObject\",\"inLanguage\":\"fr-FR\",\"@id\":\"https:\\\/\\\/amvs.ch\\\/fr\\\/#\\\/schema\\\/logo\\\/image\\\/\",\"url\":\"https:\\\/\\\/amvs.ch\\\/wp-content\\\/uploads\\\/logo-amvs-pos.png\",\"contentUrl\":\"https:\\\/\\\/amvs.ch\\\/wp-content\\\/uploads\\\/logo-amvs-pos.png\",\"width\":400,\"height\":63,\"caption\":\"Ayurveda Medizin Verband Schweiz\"},\"image\":{\"@id\":\"https:\\\/\\\/amvs.ch\\\/fr\\\/#\\\/schema\\\/logo\\\/image\\\/\"}}]}<\/script>\n<!-- \/ Yoast SEO plugin. -->","yoast_head_json":{"title":"Mission - AMVS - Ayurveda Medizin Verband Schweiz","robots":{"index":"index","follow":"follow","max-snippet":"max-snippet:-1","max-image-preview":"max-image-preview:large","max-video-preview":"max-video-preview:-1"},"canonical":"https:\/\/amvs.ch\/fr\/mission\/","og_locale":"fr_FR","og_type":"article","og_title":"Mission - AMVS - Ayurveda Medizin Verband Schweiz","og_description":"[vc_row][vc_column][vc_column_text css=\u00a0\u00bb\u00a0\u00bb] AMVS &#8211; Mission Qui sommes-nous? L&rsquo;Association Suisse de M\u00e9decine Ayurv\u00e9dique (AMVS) est l&rsquo;association professionnelle des naturopathes titulaires d&rsquo;un dipl\u00f4me f\u00e9d\u00e9ral en m\u00e9decine ayurv\u00e9dique. Nous sommes le point central d&rsquo;information et de contact pour la m\u00e9decine ayurv\u00e9dique en Suisse. L&rsquo;AMVS est synonyme d&rsquo;innovation et de d\u00e9veloppement de la m\u00e9decine ayurv\u00e9dique, tout en pr\u00e9servant et&hellip;","og_url":"https:\/\/amvs.ch\/fr\/mission\/","og_site_name":"AMVS - Ayurveda Medizin Verband Schweiz","twitter_card":"summary_large_image","twitter_misc":{"Dur\u00e9e de lecture estim\u00e9e":"3 minutes"},"schema":{"@context":"https:\/\/schema.org","@graph":[{"@type":"WebPage","@id":"https:\/\/amvs.ch\/fr\/mission\/","url":"https:\/\/amvs.ch\/fr\/mission\/","name":"Mission - AMVS - Ayurveda Medizin Verband Schweiz","isPartOf":{"@id":"https:\/\/amvs.ch\/fr\/#website"},"datePublished":"2025-07-09T23:01:38+00:00","breadcrumb":{"@id":"https:\/\/amvs.ch\/fr\/mission\/#breadcrumb"},"inLanguage":"fr-FR","potentialAction":[{"@type":"ReadAction","target":["https:\/\/amvs.ch\/fr\/mission\/"]}]},{"@type":"BreadcrumbList","@id":"https:\/\/amvs.ch\/fr\/mission\/#breadcrumb","itemListElement":[{"@type":"ListItem","position":1,"name":"Startseite","item":"https:\/\/amvs.ch\/fr\/"},{"@type":"ListItem","position":2,"name":"Mission"}]},{"@type":"WebSite","@id":"https:\/\/amvs.ch\/fr\/#website","url":"https:\/\/amvs.ch\/fr\/","name":"AMVS - Ayurveda Medizin Verband Schweiz","description":"Ayurveda Medizin Verband Schweiz","publisher":{"@id":"https:\/\/amvs.ch\/fr\/#organization"},"potentialAction":[{"@type":"SearchAction","target":{"@type":"EntryPoint","urlTemplate":"https:\/\/amvs.ch\/fr\/?s={search_term_string}"},"query-input":{"@type":"PropertyValueSpecification","valueRequired":true,"valueName":"search_term_string"}}],"inLanguage":"fr-FR"},{"@type":"Organization","@id":"https:\/\/amvs.ch\/fr\/#organization","name":"Ayurveda Medizin Verband Schweiz","url":"https:\/\/amvs.ch\/fr\/","logo":{"@type":"ImageObject","inLanguage":"fr-FR","@id":"https:\/\/amvs.ch\/fr\/#\/schema\/logo\/image\/","url":"https:\/\/amvs.ch\/wp-content\/uploads\/logo-amvs-pos.png","contentUrl":"https:\/\/amvs.ch\/wp-content\/uploads\/logo-amvs-pos.png","width":400,"height":63,"caption":"Ayurveda Medizin Verband Schweiz"},"image":{"@id":"https:\/\/amvs.ch\/fr\/#\/schema\/logo\/image\/"}}]}},"_links":{"self":[{"href":"https:\/\/amvs.ch\/fr\/wp-json\/wp\/v2\/pages\/1680","targetHints":{"allow":["GET"]}}],"collection":[{"href":"https:\/\/amvs.ch\/fr\/wp-json\/wp\/v2\/pages"}],"about":[{"href":"https:\/\/amvs.ch\/fr\/wp-json\/wp\/v2\/types\/page"}],"author":[{"embeddable":true,"href":"https:\/\/amvs.ch\/fr\/wp-json\/wp\/v2\/users\/9"}],"replies":[{"embeddable":true,"href":"https:\/\/amvs.ch\/fr\/wp-json\/wp\/v2\/comments?post=1680"}],"version-history":[{"count":1,"href":"https:\/\/amvs.ch\/fr\/wp-json\/wp\/v2\/pages\/1680\/revisions"}],"predecessor-version":[{"id":1682,"href":"https:\/\/amvs.ch\/fr\/wp-json\/wp\/v2\/pages\/1680\/revisions\/1682"}],"wp:attachment":[{"href":"https:\/\/amvs.ch\/fr\/wp-json\/wp\/v2\/media?parent=1680"}],"curies":[{"name":"wp","href":"https:\/\/api.w.org\/{rel}","templated":true}]}}