{"id":266,"date":"2020-01-03T15:56:43","date_gmt":"2020-01-03T14:56:43","guid":{"rendered":"https:\/\/amvs.ch\/association\/"},"modified":"2020-01-16T15:40:34","modified_gmt":"2020-01-16T14:40:34","slug":"association","status":"publish","type":"page","link":"https:\/\/amvs.ch\/fr\/association\/","title":{"rendered":"Association"},"content":{"rendered":"<div class=\"wpb-content-wrapper\">[vc_row][vc_column][vc_column_text]\n<h1>Association<\/h1>\n<p>L\u2019Association Suisse de M\u00e9decine Ayurv\u00e9dique ASMA (AMVS) r\u00e9unit en une seule association professionnelle tous les naturopathes en m\u00e9decine ayurv\u00e9dique ainsi que les professionnels d\u00e9tenteurs de formations \u00e9quivalentes ou internationales sup\u00e9rieures. Ils adh\u00e8rent \u00e9galement aux directives \u00e9thiques \u00e9tablies par l\u2019ASMA.<\/p>\n<p>L\u2019ASMA s\u2019engage en faveur du d\u00e9veloppement et de l\u2019assurance qualit\u00e9 et participe \u00e0 l\u2019\u00e9laboration conjointe d\u2019un standard de qualit\u00e9 nationale et internationale.<\/p>\n<p>L\u2019association soutient la mise en r\u00e9seau et la coop\u00e9ration de la m\u00e9decine ayurv\u00e9dique et de la th\u00e9rapie ayurv\u00e9dique. Elle encourage \u00e9galement la coop\u00e9ration transnationale entre les professionnels et les organisations ayurv\u00e9diques qui sont actifs dans le domaine de l\u2019Ayurveda.[\/vc_column_text][\/vc_column][\/vc_row][vc_row css=\u00a0\u00bb.vc_custom_1575637264869{padding-top: 30px !important;padding-bottom: 20px !important;}\u00a0\u00bb][vc_column][vc_column_text]\n<h2>Documents<\/h2>\n<ul>\n<li><a href=\"https:\/\/amvs.ch\/pdf\/ASMA%20Statuts.pdf\" class=\"mtli_attachment mtli_pdf\" target=\"_blank\" rel=\"noopener noreferrer\">Statuts<\/a><\/li>\n<li><a href=\"https:\/\/amvs.ch\/pdf\/ASMA%20Directives%20ethiques.pdf\" class=\"mtli_attachment mtli_pdf\" target=\"_blank\" rel=\"noopener noreferrer\">Directives \u00e9thiques<\/a><\/li>\n<li><a href=\"https:\/\/amvs.ch\/pdf\/ASMA%20Categories%20de%20membres.pdf\" class=\"mtli_attachment mtli_pdf\" target=\"_blank\" rel=\"noopener noreferrer\">Cat\u00e9gories de membres<\/a><\/li>\n<\/ul>\n[\/vc_column_text][\/vc_column][\/vc_row]\n<\/div>","protected":false},"excerpt":{"rendered":"<p>[vc_row][vc_column][vc_column_text] Association L\u2019Association Suisse de M\u00e9decine Ayurv\u00e9dique ASMA (AMVS) r\u00e9unit en une seule association professionnelle tous les naturopathes en m\u00e9decine ayurv\u00e9dique ainsi que les professionnels d\u00e9tenteurs de formations \u00e9quivalentes ou internationales sup\u00e9rieures. Ils adh\u00e8rent \u00e9galement aux directives \u00e9thiques \u00e9tablies par l\u2019ASMA. L\u2019ASMA s\u2019engage en faveur du d\u00e9veloppement et de l\u2019assurance qualit\u00e9 et participe \u00e0 l\u2019\u00e9laboration&hellip;<\/p>\n","protected":false},"author":1,"featured_media":0,"parent":0,"menu_order":0,"comment_status":"closed","ping_status":"closed","template":"","meta":{"footnotes":""},"class_list":["post-266","page","type-page","status-publish","hentry"],"yoast_head":"<!-- This site is optimized with the Yoast SEO plugin v27.5 - https:\/\/yoast.com\/product\/yoast-seo-wordpress\/ -->\n<title>Association - AMVS - Ayurveda Medizin Verband Schweiz<\/title>\n<meta name=\"robots\" content=\"index, follow, max-snippet:-1, max-image-preview:large, max-video-preview:-1\" \/>\n<link rel=\"canonical\" href=\"https:\/\/amvs.ch\/fr\/association\/\" \/>\n<meta property=\"og:locale\" content=\"fr_FR\" \/>\n<meta property=\"og:type\" content=\"article\" \/>\n<meta property=\"og:title\" content=\"Association - AMVS - Ayurveda Medizin Verband Schweiz\" \/>\n<meta property=\"og:description\" content=\"[vc_row][vc_column][vc_column_text] Association L\u2019Association Suisse de M\u00e9decine Ayurv\u00e9dique ASMA (AMVS) r\u00e9unit en une seule association professionnelle tous les naturopathes en m\u00e9decine ayurv\u00e9dique ainsi que les professionnels d\u00e9tenteurs de formations \u00e9quivalentes ou internationales sup\u00e9rieures. Ils adh\u00e8rent \u00e9galement aux directives \u00e9thiques \u00e9tablies par l\u2019ASMA. L\u2019ASMA s\u2019engage en faveur du d\u00e9veloppement et de l\u2019assurance qualit\u00e9 et participe \u00e0 l\u2019\u00e9laboration&hellip;\" \/>\n<meta property=\"og:url\" content=\"https:\/\/amvs.ch\/fr\/association\/\" \/>\n<meta property=\"og:site_name\" content=\"AMVS - Ayurveda Medizin Verband Schweiz\" \/>\n<meta property=\"article:modified_time\" content=\"2020-01-16T14:40:34+00:00\" \/>\n<meta name=\"twitter:card\" content=\"summary_large_image\" \/>\n<meta name=\"twitter:label1\" content=\"Dur\u00e9e de lecture estim\u00e9e\" \/>\n\t<meta name=\"twitter:data1\" content=\"1 minute\" \/>\n<script type=\"application\/ld+json\" class=\"yoast-schema-graph\">{\"@context\":\"https:\\\/\\\/schema.org\",\"@graph\":[{\"@type\":\"WebPage\",\"@id\":\"https:\\\/\\\/amvs.ch\\\/fr\\\/association\\\/\",\"url\":\"https:\\\/\\\/amvs.ch\\\/fr\\\/association\\\/\",\"name\":\"Association - AMVS - Ayurveda Medizin Verband Schweiz\",\"isPartOf\":{\"@id\":\"https:\\\/\\\/amvs.ch\\\/fr\\\/#website\"},\"datePublished\":\"2020-01-03T14:56:43+00:00\",\"dateModified\":\"2020-01-16T14:40:34+00:00\",\"breadcrumb\":{\"@id\":\"https:\\\/\\\/amvs.ch\\\/fr\\\/association\\\/#breadcrumb\"},\"inLanguage\":\"fr-FR\",\"potentialAction\":[{\"@type\":\"ReadAction\",\"target\":[\"https:\\\/\\\/amvs.ch\\\/fr\\\/association\\\/\"]}]},{\"@type\":\"BreadcrumbList\",\"@id\":\"https:\\\/\\\/amvs.ch\\\/fr\\\/association\\\/#breadcrumb\",\"itemListElement\":[{\"@type\":\"ListItem\",\"position\":1,\"name\":\"Startseite\",\"item\":\"https:\\\/\\\/amvs.ch\\\/fr\\\/\"},{\"@type\":\"ListItem\",\"position\":2,\"name\":\"Association\"}]},{\"@type\":\"WebSite\",\"@id\":\"https:\\\/\\\/amvs.ch\\\/fr\\\/#website\",\"url\":\"https:\\\/\\\/amvs.ch\\\/fr\\\/\",\"name\":\"AMVS - Ayurveda Medizin Verband Schweiz\",\"description\":\"Ayurveda Medizin Verband Schweiz\",\"publisher\":{\"@id\":\"https:\\\/\\\/amvs.ch\\\/fr\\\/#organization\"},\"potentialAction\":[{\"@type\":\"SearchAction\",\"target\":{\"@type\":\"EntryPoint\",\"urlTemplate\":\"https:\\\/\\\/amvs.ch\\\/fr\\\/?s={search_term_string}\"},\"query-input\":{\"@type\":\"PropertyValueSpecification\",\"valueRequired\":true,\"valueName\":\"search_term_string\"}}],\"inLanguage\":\"fr-FR\"},{\"@type\":\"Organization\",\"@id\":\"https:\\\/\\\/amvs.ch\\\/fr\\\/#organization\",\"name\":\"Ayurveda Medizin Verband Schweiz\",\"url\":\"https:\\\/\\\/amvs.ch\\\/fr\\\/\",\"logo\":{\"@type\":\"ImageObject\",\"inLanguage\":\"fr-FR\",\"@id\":\"https:\\\/\\\/amvs.ch\\\/fr\\\/#\\\/schema\\\/logo\\\/image\\\/\",\"url\":\"https:\\\/\\\/amvs.ch\\\/wp-content\\\/uploads\\\/logo-amvs-pos.png\",\"contentUrl\":\"https:\\\/\\\/amvs.ch\\\/wp-content\\\/uploads\\\/logo-amvs-pos.png\",\"width\":400,\"height\":63,\"caption\":\"Ayurveda Medizin Verband Schweiz\"},\"image\":{\"@id\":\"https:\\\/\\\/amvs.ch\\\/fr\\\/#\\\/schema\\\/logo\\\/image\\\/\"}}]}<\/script>\n<!-- \/ Yoast SEO plugin. -->","yoast_head_json":{"title":"Association - AMVS - Ayurveda Medizin Verband Schweiz","robots":{"index":"index","follow":"follow","max-snippet":"max-snippet:-1","max-image-preview":"max-image-preview:large","max-video-preview":"max-video-preview:-1"},"canonical":"https:\/\/amvs.ch\/fr\/association\/","og_locale":"fr_FR","og_type":"article","og_title":"Association - AMVS - Ayurveda Medizin Verband Schweiz","og_description":"[vc_row][vc_column][vc_column_text] Association L\u2019Association Suisse de M\u00e9decine Ayurv\u00e9dique ASMA (AMVS) r\u00e9unit en une seule association professionnelle tous les naturopathes en m\u00e9decine ayurv\u00e9dique ainsi que les professionnels d\u00e9tenteurs de formations \u00e9quivalentes ou internationales sup\u00e9rieures. Ils adh\u00e8rent \u00e9galement aux directives \u00e9thiques \u00e9tablies par l\u2019ASMA. L\u2019ASMA s\u2019engage en faveur du d\u00e9veloppement et de l\u2019assurance qualit\u00e9 et participe \u00e0 l\u2019\u00e9laboration&hellip;","og_url":"https:\/\/amvs.ch\/fr\/association\/","og_site_name":"AMVS - Ayurveda Medizin Verband Schweiz","article_modified_time":"2020-01-16T14:40:34+00:00","twitter_card":"summary_large_image","twitter_misc":{"Dur\u00e9e de lecture estim\u00e9e":"1 minute"},"schema":{"@context":"https:\/\/schema.org","@graph":[{"@type":"WebPage","@id":"https:\/\/amvs.ch\/fr\/association\/","url":"https:\/\/amvs.ch\/fr\/association\/","name":"Association - AMVS - Ayurveda Medizin Verband Schweiz","isPartOf":{"@id":"https:\/\/amvs.ch\/fr\/#website"},"datePublished":"2020-01-03T14:56:43+00:00","dateModified":"2020-01-16T14:40:34+00:00","breadcrumb":{"@id":"https:\/\/amvs.ch\/fr\/association\/#breadcrumb"},"inLanguage":"fr-FR","potentialAction":[{"@type":"ReadAction","target":["https:\/\/amvs.ch\/fr\/association\/"]}]},{"@type":"BreadcrumbList","@id":"https:\/\/amvs.ch\/fr\/association\/#breadcrumb","itemListElement":[{"@type":"ListItem","position":1,"name":"Startseite","item":"https:\/\/amvs.ch\/fr\/"},{"@type":"ListItem","position":2,"name":"Association"}]},{"@type":"WebSite","@id":"https:\/\/amvs.ch\/fr\/#website","url":"https:\/\/amvs.ch\/fr\/","name":"AMVS - Ayurveda Medizin Verband Schweiz","description":"Ayurveda Medizin Verband Schweiz","publisher":{"@id":"https:\/\/amvs.ch\/fr\/#organization"},"potentialAction":[{"@type":"SearchAction","target":{"@type":"EntryPoint","urlTemplate":"https:\/\/amvs.ch\/fr\/?s={search_term_string}"},"query-input":{"@type":"PropertyValueSpecification","valueRequired":true,"valueName":"search_term_string"}}],"inLanguage":"fr-FR"},{"@type":"Organization","@id":"https:\/\/amvs.ch\/fr\/#organization","name":"Ayurveda Medizin Verband Schweiz","url":"https:\/\/amvs.ch\/fr\/","logo":{"@type":"ImageObject","inLanguage":"fr-FR","@id":"https:\/\/amvs.ch\/fr\/#\/schema\/logo\/image\/","url":"https:\/\/amvs.ch\/wp-content\/uploads\/logo-amvs-pos.png","contentUrl":"https:\/\/amvs.ch\/wp-content\/uploads\/logo-amvs-pos.png","width":400,"height":63,"caption":"Ayurveda Medizin Verband Schweiz"},"image":{"@id":"https:\/\/amvs.ch\/fr\/#\/schema\/logo\/image\/"}}]}},"_links":{"self":[{"href":"https:\/\/amvs.ch\/fr\/wp-json\/wp\/v2\/pages\/266","targetHints":{"allow":["GET"]}}],"collection":[{"href":"https:\/\/amvs.ch\/fr\/wp-json\/wp\/v2\/pages"}],"about":[{"href":"https:\/\/amvs.ch\/fr\/wp-json\/wp\/v2\/types\/page"}],"author":[{"embeddable":true,"href":"https:\/\/amvs.ch\/fr\/wp-json\/wp\/v2\/users\/1"}],"replies":[{"embeddable":true,"href":"https:\/\/amvs.ch\/fr\/wp-json\/wp\/v2\/comments?post=266"}],"version-history":[{"count":0,"href":"https:\/\/amvs.ch\/fr\/wp-json\/wp\/v2\/pages\/266\/revisions"}],"wp:attachment":[{"href":"https:\/\/amvs.ch\/fr\/wp-json\/wp\/v2\/media?parent=266"}],"curies":[{"name":"wp","href":"https:\/\/api.w.org\/{rel}","templated":true}]}}