{"id":268,"date":"2020-01-03T15:59:22","date_gmt":"2020-01-03T14:59:22","guid":{"rendered":"https:\/\/amvs.ch\/recherche\/"},"modified":"2022-08-23T09:22:22","modified_gmt":"2022-08-23T07:22:22","slug":"litterature","status":"publish","type":"page","link":"https:\/\/amvs.ch\/fr\/litterature\/","title":{"rendered":"Litt\u00e9rature"},"content":{"rendered":"<div class=\"wpb-content-wrapper\">[vc_row][vc_column][vc_column_text]\n<h1>Litt\u00e9rature<\/h1>\n<h2>Livres sp\u00e9cialis\u00e9s<\/h2>\n[\/vc_column_text][\/vc_column][\/vc_row][vc_row][vc_column width=\u00a0\u00bb1\/2&Prime;][vc_row_inner thb_column_padding=\u00a0\u00bbtrue\u00a0\u00bb css=\u00a0\u00bb.vc_custom_1658843773397{padding-left: 0px !important;}\u00a0\u00bb][vc_column_inner width=\u00a0\u00bb1\/3&Prime; css=\u00a0\u00bb.vc_custom_1658843682663{margin-right: 10px !important;margin-left: 0px !important;padding-right: 20px !important;padding-left: 0px !important;}\u00a0\u00bb]\t<div id=\"thb-image-69f3eb5427b1d\" class=\"caption-style1  alignleft full  thb_image_link wp-caption \">\n\t\t\t<a class=\"mfp-image\" href=\"https:\/\/amvs.ch\/wp-content\/uploads\/buch-ayurvedamedizin-sabine-anliker.jpg\" target=\"\" title=\"buch-ayurvedamedizin-sabine-anliker\" data-thb-group=\"\">\n\t\t\t<div class=\"thb-image-inner size_100\">\n\t\t\t<img decoding=\"async\" class=\"thb_image    \" src=\"https:\/\/amvs.ch\/wp-content\/uploads\/buch-ayurvedamedizin-sabine-anliker-300x400.jpg\" width=\"300\" height=\"400\" alt=\"buch-ayurvedamedizin-sabine-anliker\" title=\"buch-ayurvedamedizin-sabine-anliker\" loading=\"lazy\" \/>\t\t\t\t\t<\/div>\n\t\t\t<\/a>\n\t\t\t\t\t<\/div>\n\t[\/vc_column_inner][vc_column_inner width=\u00a0\u00bb2\/3&Prime;][vc_column_text]\n<h3 class=\"has-medium-font-size\">Ayurveda Medizin<br \/>\n80 Heilpflanzen \u2013 90 Formulierungen<\/h3>\n<p><strong>Sabine Anliker<\/strong><br \/>\nCe livre est un ouvrage d&rsquo;apprentissage et de consultation pour les naturopathes et \u00e9tudiant-e-s en M\u00e9decine Ayurv\u00e9dique ainsi que pour les m\u00e9decins en M\u00e9decine Ayurv\u00e9dique.<\/p>\n<p>A commander sur : <a href=\"https:\/\/to-ayurveda.ch\/fr\/\">to-ayurveda.ch<\/a>[\/vc_column_text][\/vc_column_inner][\/vc_row_inner][\/vc_column][vc_column width=\u00a0\u00bb1\/2&Prime;][vc_row_inner thb_column_padding=\u00a0\u00bbtrue\u00a0\u00bb css=\u00a0\u00bb.vc_custom_1658843773397{padding-left: 0px !important;}\u00a0\u00bb][vc_column_inner width=\u00a0\u00bb1\/3&Prime; css=\u00a0\u00bb.vc_custom_1658843682663{margin-right: 10px !important;margin-left: 0px !important;padding-right: 20px !important;padding-left: 0px !important;}\u00a0\u00bb]\t<div id=\"thb-image-69f3eb5428954\" class=\"caption-style1  alignleft full  thb_image_link wp-caption \">\n\t\t\t<a class=\"mfp-image\" href=\"https:\/\/amvs.ch\/wp-content\/uploads\/buch-caraka-samhita-cover.jpg\" target=\"\" title=\"buch-caraka-samhita-cover\" data-thb-group=\"\">\n\t\t\t<div class=\"thb-image-inner size_100\">\n\t\t\t<img decoding=\"async\" class=\"thb_image    \" src=\"https:\/\/amvs.ch\/wp-content\/uploads\/buch-caraka-samhita-cover-300x400.jpg\" width=\"300\" height=\"400\" alt=\"buch-caraka-samhita-cover\" title=\"buch-caraka-samhita-cover\" loading=\"lazy\" \/>\t\t\t\t\t<\/div>\n\t\t\t<\/a>\n\t\t\t\t\t<\/div>\n\t[\/vc_column_inner][vc_column_inner width=\u00a0\u00bb2\/3&Prime;][vc_column_text]\n<h3 class=\"has-medium-font-size\">Caraka Samhita<br \/>\nAs I understood it<\/h3>\n<p>Prof. Dr. S. N. Gupta (livre de 411 pages)<br \/>\n\u00ab Caraka Samhita \u2013 As I understood it \u00bb, est une traduction de Caraka Samhita, Sutra Sthana (chapitres 1\u00e0 16) en anglais.<\/p>\n<p>A commander sur : <a href=\"https:\/\/rosenberg-ayurmed.de\/caraka-samita-as-i-understood-it.html\">rosenberg-ayurmed.de<\/a>[\/vc_column_text][\/vc_column_inner][\/vc_row_inner][\/vc_column][\/vc_row][vc_row][vc_column][vc_empty_space][vc_column_text]\n<h2>Forschung<\/h2>\n<p>La m\u00e9decine ayurv\u00e9dique est un syst\u00e8me de gu\u00e9rison s\u00e9culaire et l\u2019une des plus anciennes formes de m\u00e9decine. La tradition ainsi que l\u2019exp\u00e9rience pratique jouent un r\u00f4le essentiel en m\u00e9decine ayurv\u00e9dique. Depuis environ 20 ans, les th\u00e9rapies et rem\u00e8des ayurv\u00e9diques font l\u2019objet de recherches scientifiques, de tests et d\u2019\u00e9tudes cliniques. Sur cette page, vous trouverez sous format PDF quelques-unes des innombrables \u00e9tudes scientifiques en m\u00e9decine ayurv\u00e9dique.<\/p>\n<ul>\n<li><a href=\"https:\/\/amvs.ch\/pdf\/studie-knie-arthrose.pdf\" class=\"mtli_attachment mtli_pdf\" target=\"_blank\" rel=\"noopener noreferrer\">Arthrose du genou, (Charit\u00e9-Universit\u00e4tsmedizin Berlin, Deutschland)<\/a><\/li>\n<li><a href=\"https:\/\/amvs.ch\/pdf\/studie-unfruchtbarkeit-matra-basti.pdf\" class=\"mtli_attachment mtli_pdf\" target=\"_blank\" rel=\"noopener noreferrer\">L\u2019administration de matra basti dans les cas d\u2019infertilit\u00e9 (Gujarat Ayurveda University, India)<\/a><\/li>\n<li><a href=\"https:\/\/amvs.ch\/pdf\/studie-haritaki.pdf\" class=\"mtli_attachment mtli_pdf\" target=\"_blank\" rel=\"noopener noreferrer\">Haritaki (Terminalia chebula) \u00bb (CCRAS, Department of AYUSH, India)<\/a><\/li>\n<li><a href=\"https:\/\/amvs.ch\/pdf\/studie-ashwagandha-im-sport.pdf\" class=\"mtli_attachment mtli_pdf\" target=\"_blank\" rel=\"noopener noreferrer\">L\u2019utilisation de l\u2019Ashwagandha (Withania somnifera) dans le sport (Hyderabad Spine Clinic, Hyderabad, India)<\/a><\/li>\n<\/ul>\n[\/vc_column_text][\/vc_column][\/vc_row]\n<\/div>","protected":false},"excerpt":{"rendered":"<p>[vc_row][vc_column][vc_column_text] Litt\u00e9rature Livres sp\u00e9cialis\u00e9s [\/vc_column_text][\/vc_column][\/vc_row][vc_row][vc_column width=\u00a0\u00bb1\/2&Prime;][vc_row_inner thb_column_padding=\u00a0\u00bbtrue\u00a0\u00bb css=\u00a0\u00bb.vc_custom_1658843773397{padding-left: 0px !important;}\u00a0\u00bb][vc_column_inner width=\u00a0\u00bb1\/3&Prime; css=\u00a0\u00bb.vc_custom_1658843682663{margin-right: 10px !important;margin-left: 0px !important;padding-right: 20px !important;padding-left: 0px !important;}\u00a0\u00bb][\/vc_column_inner][vc_column_inner width=\u00a0\u00bb2\/3&Prime;][vc_column_text] Ayurveda Medizin 80 Heilpflanzen \u2013 90 Formulierungen Sabine Anliker Ce livre est un ouvrage d&rsquo;apprentissage et de consultation pour les naturopathes et \u00e9tudiant-e-s en M\u00e9decine Ayurv\u00e9dique ainsi que pour les m\u00e9decins en M\u00e9decine Ayurv\u00e9dique.&hellip;<\/p>\n","protected":false},"author":1,"featured_media":0,"parent":0,"menu_order":0,"comment_status":"closed","ping_status":"closed","template":"","meta":{"footnotes":""},"class_list":["post-268","page","type-page","status-publish","hentry"],"yoast_head":"<!-- This site is optimized with the Yoast SEO plugin v27.5 - https:\/\/yoast.com\/product\/yoast-seo-wordpress\/ -->\n<title>Litt\u00e9rature - AMVS - Ayurveda Medizin Verband Schweiz<\/title>\n<meta name=\"robots\" content=\"index, follow, max-snippet:-1, max-image-preview:large, max-video-preview:-1\" \/>\n<link rel=\"canonical\" href=\"https:\/\/amvs.ch\/fr\/litterature\/\" \/>\n<meta property=\"og:locale\" content=\"fr_FR\" \/>\n<meta property=\"og:type\" content=\"article\" \/>\n<meta property=\"og:title\" content=\"Litt\u00e9rature - AMVS - Ayurveda Medizin Verband Schweiz\" \/>\n<meta property=\"og:description\" content=\"[vc_row][vc_column][vc_column_text] Litt\u00e9rature Livres sp\u00e9cialis\u00e9s [\/vc_column_text][\/vc_column][\/vc_row][vc_row][vc_column width=\u00a0\u00bb1\/2&Prime;][vc_row_inner thb_column_padding=\u00a0\u00bbtrue\u00a0\u00bb css=\u00a0\u00bb.vc_custom_1658843773397{padding-left: 0px !important;}\u00a0\u00bb][vc_column_inner width=\u00a0\u00bb1\/3&Prime; css=\u00a0\u00bb.vc_custom_1658843682663{margin-right: 10px !important;margin-left: 0px !important;padding-right: 20px !important;padding-left: 0px !important;}\u00a0\u00bb][\/vc_column_inner][vc_column_inner width=\u00a0\u00bb2\/3&Prime;][vc_column_text] Ayurveda Medizin 80 Heilpflanzen \u2013 90 Formulierungen Sabine Anliker Ce livre est un ouvrage d&rsquo;apprentissage et de consultation pour les naturopathes et \u00e9tudiant-e-s en M\u00e9decine Ayurv\u00e9dique ainsi que pour les m\u00e9decins en M\u00e9decine Ayurv\u00e9dique.&hellip;\" \/>\n<meta property=\"og:url\" content=\"https:\/\/amvs.ch\/fr\/litterature\/\" \/>\n<meta property=\"og:site_name\" content=\"AMVS - Ayurveda Medizin Verband Schweiz\" \/>\n<meta property=\"article:modified_time\" content=\"2022-08-23T07:22:22+00:00\" \/>\n<meta name=\"twitter:card\" content=\"summary_large_image\" \/>\n<meta name=\"twitter:label1\" content=\"Dur\u00e9e de lecture estim\u00e9e\" \/>\n\t<meta name=\"twitter:data1\" content=\"2 minutes\" \/>\n<script type=\"application\/ld+json\" class=\"yoast-schema-graph\">{\"@context\":\"https:\\\/\\\/schema.org\",\"@graph\":[{\"@type\":\"WebPage\",\"@id\":\"https:\\\/\\\/amvs.ch\\\/fr\\\/litterature\\\/\",\"url\":\"https:\\\/\\\/amvs.ch\\\/fr\\\/litterature\\\/\",\"name\":\"Litt\u00e9rature - AMVS - Ayurveda Medizin Verband Schweiz\",\"isPartOf\":{\"@id\":\"https:\\\/\\\/amvs.ch\\\/fr\\\/#website\"},\"datePublished\":\"2020-01-03T14:59:22+00:00\",\"dateModified\":\"2022-08-23T07:22:22+00:00\",\"breadcrumb\":{\"@id\":\"https:\\\/\\\/amvs.ch\\\/fr\\\/litterature\\\/#breadcrumb\"},\"inLanguage\":\"fr-FR\",\"potentialAction\":[{\"@type\":\"ReadAction\",\"target\":[\"https:\\\/\\\/amvs.ch\\\/fr\\\/litterature\\\/\"]}]},{\"@type\":\"BreadcrumbList\",\"@id\":\"https:\\\/\\\/amvs.ch\\\/fr\\\/litterature\\\/#breadcrumb\",\"itemListElement\":[{\"@type\":\"ListItem\",\"position\":1,\"name\":\"Startseite\",\"item\":\"https:\\\/\\\/amvs.ch\\\/fr\\\/\"},{\"@type\":\"ListItem\",\"position\":2,\"name\":\"Litt\u00e9rature\"}]},{\"@type\":\"WebSite\",\"@id\":\"https:\\\/\\\/amvs.ch\\\/fr\\\/#website\",\"url\":\"https:\\\/\\\/amvs.ch\\\/fr\\\/\",\"name\":\"AMVS - Ayurveda Medizin Verband Schweiz\",\"description\":\"Ayurveda Medizin Verband Schweiz\",\"publisher\":{\"@id\":\"https:\\\/\\\/amvs.ch\\\/fr\\\/#organization\"},\"potentialAction\":[{\"@type\":\"SearchAction\",\"target\":{\"@type\":\"EntryPoint\",\"urlTemplate\":\"https:\\\/\\\/amvs.ch\\\/fr\\\/?s={search_term_string}\"},\"query-input\":{\"@type\":\"PropertyValueSpecification\",\"valueRequired\":true,\"valueName\":\"search_term_string\"}}],\"inLanguage\":\"fr-FR\"},{\"@type\":\"Organization\",\"@id\":\"https:\\\/\\\/amvs.ch\\\/fr\\\/#organization\",\"name\":\"Ayurveda Medizin Verband Schweiz\",\"url\":\"https:\\\/\\\/amvs.ch\\\/fr\\\/\",\"logo\":{\"@type\":\"ImageObject\",\"inLanguage\":\"fr-FR\",\"@id\":\"https:\\\/\\\/amvs.ch\\\/fr\\\/#\\\/schema\\\/logo\\\/image\\\/\",\"url\":\"https:\\\/\\\/amvs.ch\\\/wp-content\\\/uploads\\\/logo-amvs-pos.png\",\"contentUrl\":\"https:\\\/\\\/amvs.ch\\\/wp-content\\\/uploads\\\/logo-amvs-pos.png\",\"width\":400,\"height\":63,\"caption\":\"Ayurveda Medizin Verband Schweiz\"},\"image\":{\"@id\":\"https:\\\/\\\/amvs.ch\\\/fr\\\/#\\\/schema\\\/logo\\\/image\\\/\"}}]}<\/script>\n<!-- \/ Yoast SEO plugin. -->","yoast_head_json":{"title":"Litt\u00e9rature - AMVS - Ayurveda Medizin Verband Schweiz","robots":{"index":"index","follow":"follow","max-snippet":"max-snippet:-1","max-image-preview":"max-image-preview:large","max-video-preview":"max-video-preview:-1"},"canonical":"https:\/\/amvs.ch\/fr\/litterature\/","og_locale":"fr_FR","og_type":"article","og_title":"Litt\u00e9rature - AMVS - Ayurveda Medizin Verband Schweiz","og_description":"[vc_row][vc_column][vc_column_text] Litt\u00e9rature Livres sp\u00e9cialis\u00e9s [\/vc_column_text][\/vc_column][\/vc_row][vc_row][vc_column width=\u00a0\u00bb1\/2&Prime;][vc_row_inner thb_column_padding=\u00a0\u00bbtrue\u00a0\u00bb css=\u00a0\u00bb.vc_custom_1658843773397{padding-left: 0px !important;}\u00a0\u00bb][vc_column_inner width=\u00a0\u00bb1\/3&Prime; css=\u00a0\u00bb.vc_custom_1658843682663{margin-right: 10px !important;margin-left: 0px !important;padding-right: 20px !important;padding-left: 0px !important;}\u00a0\u00bb][\/vc_column_inner][vc_column_inner width=\u00a0\u00bb2\/3&Prime;][vc_column_text] Ayurveda Medizin 80 Heilpflanzen \u2013 90 Formulierungen Sabine Anliker Ce livre est un ouvrage d&rsquo;apprentissage et de consultation pour les naturopathes et \u00e9tudiant-e-s en M\u00e9decine Ayurv\u00e9dique ainsi que pour les m\u00e9decins en M\u00e9decine Ayurv\u00e9dique.&hellip;","og_url":"https:\/\/amvs.ch\/fr\/litterature\/","og_site_name":"AMVS - Ayurveda Medizin Verband Schweiz","article_modified_time":"2022-08-23T07:22:22+00:00","twitter_card":"summary_large_image","twitter_misc":{"Dur\u00e9e de lecture estim\u00e9e":"2 minutes"},"schema":{"@context":"https:\/\/schema.org","@graph":[{"@type":"WebPage","@id":"https:\/\/amvs.ch\/fr\/litterature\/","url":"https:\/\/amvs.ch\/fr\/litterature\/","name":"Litt\u00e9rature - AMVS - Ayurveda Medizin Verband Schweiz","isPartOf":{"@id":"https:\/\/amvs.ch\/fr\/#website"},"datePublished":"2020-01-03T14:59:22+00:00","dateModified":"2022-08-23T07:22:22+00:00","breadcrumb":{"@id":"https:\/\/amvs.ch\/fr\/litterature\/#breadcrumb"},"inLanguage":"fr-FR","potentialAction":[{"@type":"ReadAction","target":["https:\/\/amvs.ch\/fr\/litterature\/"]}]},{"@type":"BreadcrumbList","@id":"https:\/\/amvs.ch\/fr\/litterature\/#breadcrumb","itemListElement":[{"@type":"ListItem","position":1,"name":"Startseite","item":"https:\/\/amvs.ch\/fr\/"},{"@type":"ListItem","position":2,"name":"Litt\u00e9rature"}]},{"@type":"WebSite","@id":"https:\/\/amvs.ch\/fr\/#website","url":"https:\/\/amvs.ch\/fr\/","name":"AMVS - Ayurveda Medizin Verband Schweiz","description":"Ayurveda Medizin Verband Schweiz","publisher":{"@id":"https:\/\/amvs.ch\/fr\/#organization"},"potentialAction":[{"@type":"SearchAction","target":{"@type":"EntryPoint","urlTemplate":"https:\/\/amvs.ch\/fr\/?s={search_term_string}"},"query-input":{"@type":"PropertyValueSpecification","valueRequired":true,"valueName":"search_term_string"}}],"inLanguage":"fr-FR"},{"@type":"Organization","@id":"https:\/\/amvs.ch\/fr\/#organization","name":"Ayurveda Medizin Verband Schweiz","url":"https:\/\/amvs.ch\/fr\/","logo":{"@type":"ImageObject","inLanguage":"fr-FR","@id":"https:\/\/amvs.ch\/fr\/#\/schema\/logo\/image\/","url":"https:\/\/amvs.ch\/wp-content\/uploads\/logo-amvs-pos.png","contentUrl":"https:\/\/amvs.ch\/wp-content\/uploads\/logo-amvs-pos.png","width":400,"height":63,"caption":"Ayurveda Medizin Verband Schweiz"},"image":{"@id":"https:\/\/amvs.ch\/fr\/#\/schema\/logo\/image\/"}}]}},"_links":{"self":[{"href":"https:\/\/amvs.ch\/fr\/wp-json\/wp\/v2\/pages\/268","targetHints":{"allow":["GET"]}}],"collection":[{"href":"https:\/\/amvs.ch\/fr\/wp-json\/wp\/v2\/pages"}],"about":[{"href":"https:\/\/amvs.ch\/fr\/wp-json\/wp\/v2\/types\/page"}],"author":[{"embeddable":true,"href":"https:\/\/amvs.ch\/fr\/wp-json\/wp\/v2\/users\/1"}],"replies":[{"embeddable":true,"href":"https:\/\/amvs.ch\/fr\/wp-json\/wp\/v2\/comments?post=268"}],"version-history":[{"count":3,"href":"https:\/\/amvs.ch\/fr\/wp-json\/wp\/v2\/pages\/268\/revisions"}],"predecessor-version":[{"id":1313,"href":"https:\/\/amvs.ch\/fr\/wp-json\/wp\/v2\/pages\/268\/revisions\/1313"}],"wp:attachment":[{"href":"https:\/\/amvs.ch\/fr\/wp-json\/wp\/v2\/media?parent=268"}],"curies":[{"name":"wp","href":"https:\/\/api.w.org\/{rel}","templated":true}]}}