{"id":280,"date":"2020-01-03T16:12:48","date_gmt":"2020-01-03T15:12:48","guid":{"rendered":"https:\/\/amvs.ch\/?page_id=280"},"modified":"2020-01-16T15:46:19","modified_gmt":"2020-01-16T14:46:19","slug":"adhesion-a-lassociation","status":"publish","type":"page","link":"https:\/\/amvs.ch\/fr\/adhesion-a-lassociation\/","title":{"rendered":"Adh\u00e9sion \u00e0 l\u2019association"},"content":{"rendered":"<div class=\"wpb-content-wrapper\">[vc_row][vc_column][vc_column_text]\n<h1>Adh\u00e9sion \u00e0 l\u2019association<\/h1>\n<p>Ensemble nous sommes toujours plus forts ! En devenant membre de l\u2019Association Suisse de M\u00e9decine Ayurv\u00e9dique ASMA (AMVS) vous \u00eates soutenus dans votre pratique en tant que naturopathe en m\u00e9decine ayurv\u00e9dique et profitez des nombreuses offres qu\u2019elle vous propose.[\/vc_column_text][\/vc_column][\/vc_row][vc_row][vc_column width=\u00a0\u00bb1\/2&Prime;][vc_column_text]\n<h2>Membres-A (naturopathe-s)<\/h2>\n<p>Les membres-A sont des professionnels avec un ou plusieurs des dipl\u00f4mes suivants : naturopathe-s avec dipl\u00f4me f\u00e9d\u00e9ral en m\u00e9decine ayurv\u00e9dique, Bachelor in Ayurveda Medicine and Surgery BAMS, un doctorat en Ayurveda PhD, un master MD en Ayurveda (Ayu.), un Master of Science MSc en Ayurveda ou le certificat suisse d\u00e9cerner par l\u2019OrTra MA.[\/vc_column_text]\t<a id=\"thb-button-69e4fa4f31d6f\" class=\"btn style1 small  accent small-radius    \" href=\"https:\/\/amvs.ch\/pdf\/Adhesion%20membre%20A.docx\" target=\"_blank\" role=\"button\">\n\t\t\t\t\t<span>Inscrivez-vous maintenant<\/span>\n\t\t\t<\/a>\n\t\t[vc_empty_space height=\u00a0\u00bb60px\u00a0\u00bb][\/vc_column][vc_column width=\u00a0\u00bb1\/2&Prime;][vc_column_text]\n<h2>Membres-B (\u00e9tudiant-e-s)<\/h2>\n<p>Les membres-B sont les \u00e9tudiants et \u00e9tudiantes qui sont en formation de naturopathes en m\u00e9decine ayurv\u00e9dique.[\/vc_column_text]\t<a id=\"thb-button-69e4fa4f31e0f\" class=\"btn style1 small  accent small-radius    \" href=\"https:\/\/amvs.ch\/pdf\/Adhesion%20membre%20B.docx\" target=\"_blank\" role=\"button\">\n\t\t\t\t\t<span>Inscrivez-vous maintenant<\/span>\n\t\t\t<\/a>\n\t\t[vc_empty_space height=\u00a0\u00bb60px\u00a0\u00bb][\/vc_column][\/vc_row][vc_row][vc_column width=\u00a0\u00bb1\/2&Prime;][vc_column_text]\n<h2>Membres-S (\u00e9coles)<\/h2>\n<p>Les membres-S sont les \u00e9coles qui forment \u00e0 la m\u00e9decine ayurv\u00e9dique ou qui sont accr\u00e9dit\u00e9es par l\u2019OrTra MA pour d\u00e9cerner le certificat de module M1 (fondements de m\u00e9decine allopathique).[\/vc_column_text]\t<a id=\"thb-button-69e4fa4f31e60\" class=\"btn style1 small  accent small-radius    \" href=\"https:\/\/amvs.ch\/pdf\/Adhesion%20membre%20S.docx\" target=\"_blank\" role=\"button\">\n\t\t\t\t\t<span>Inscrivez-vous maintenant<\/span>\n\t\t\t<\/a>\n\t\t[vc_empty_space height=\u00a0\u00bb60px\u00a0\u00bb][\/vc_column][vc_column width=\u00a0\u00bb1\/2&Prime;][vc_column_text]\n<h2>Membres passifs (institutions)<\/h2>\n<p>Les membres passifs sont les entreprises, les institutions et les organisations nationales ou internationales qui souhaitent soutenir la m\u00e9decine ayurv\u00e9dique et les objectifs de l\u2019ASMA.[\/vc_column_text]\t<a id=\"thb-button-69e4fa4f31ea9\" class=\"btn style1 small  accent small-radius    \" href=\"https:\/\/amvs.ch\/pdf\/Adhesion%20membre%20passif.docx\" target=\"_blank\" role=\"button\">\n\t\t\t\t\t<span>Inscrivez-vous maintenant<\/span>\n\t\t\t<\/a>\n\t\t[vc_empty_space height=\u00a0\u00bb60px\u00a0\u00bb][\/vc_column][\/vc_row][vc_row][vc_column width=\u00a0\u00bb1\/2&Prime;][vc_column_text]\n<h2>Les bienfaiteurs<\/h2>\n<p>Les donateurs et les donatrices sont des personnes physiques, des familles, des associations et des personnes morales qui soutiennent la m\u00e9decine ayurv\u00e9dique et les objectifs de l&rsquo;association.[\/vc_column_text]\t<a id=\"thb-button-69e4fa4f31eed\" class=\"btn style1 small  accent small-radius    \" href=\"https:\/\/amvs.ch\/pdf\/Adhesion%20membre%20bienfaiteur.docx\" target=\"_blank\" role=\"button\">\n\t\t\t\t\t<span>Inscrivez-vous maintenant<\/span>\n\t\t\t<\/a>\n\t\t[vc_empty_space height=\u00a0\u00bb60px\u00a0\u00bb][\/vc_column][vc_column width=\u00a0\u00bb1\/2&Prime;][\/vc_column][\/vc_row][vc_row][vc_column][vc_empty_space height=\u00a0\u00bb30px\u00a0\u00bb][vc_column_text]\n<h2>Liens<\/h2>\n<ul>\n<li><a href=\"https:\/\/amvs.ch\/pdf\/ASMA%20Categories%20de%20membres.pdf\" class=\"mtli_attachment mtli_pdf\" target=\"_blank\" rel=\"noopener noreferrer\">ASMA Cat\u00e9gories de membres (PDF)<\/a><\/li>\n<li><a href=\"https:\/\/amvs.ch\/fr\/naturopathe\/\">Naturopathe (Membres-A)<\/a><\/li>\n<li><a href=\"https:\/\/amvs.ch\/fr\/etudiant\/\">\u00c9tudiant (Membres-B)<\/a><\/li>\n<li><a href=\"https:\/\/amvs.ch\/fr\/formation\/\">\u00c9coles (Membres-S)<\/a><\/li>\n<\/ul>\n[\/vc_column_text][vc_empty_space height=\u00a0\u00bb50px\u00a0\u00bb][\/vc_column][\/vc_row]\n<\/div>","protected":false},"excerpt":{"rendered":"<p>[vc_row][vc_column][vc_column_text] Adh\u00e9sion \u00e0 l\u2019association Ensemble nous sommes toujours plus forts ! En devenant membre de l\u2019Association Suisse de M\u00e9decine Ayurv\u00e9dique ASMA (AMVS) vous \u00eates soutenus dans votre pratique en tant que naturopathe en m\u00e9decine ayurv\u00e9dique et profitez des nombreuses offres qu\u2019elle vous propose.[\/vc_column_text][\/vc_column][\/vc_row][vc_row][vc_column width=\u00a0\u00bb1\/2&Prime;][vc_column_text] Membres-A (naturopathe-s) Les membres-A sont des professionnels avec un ou plusieurs&hellip;<\/p>\n","protected":false},"author":1,"featured_media":0,"parent":0,"menu_order":0,"comment_status":"closed","ping_status":"closed","template":"","meta":{"footnotes":""},"class_list":["post-280","page","type-page","status-publish","hentry"],"yoast_head":"<!-- This site is optimized with the Yoast SEO plugin v27.3 - https:\/\/yoast.com\/product\/yoast-seo-wordpress\/ -->\n<title>Adh\u00e9sion \u00e0 l\u2019association - AMVS - Ayurveda Medizin Verband Schweiz<\/title>\n<meta name=\"robots\" content=\"index, follow, max-snippet:-1, max-image-preview:large, max-video-preview:-1\" \/>\n<link rel=\"canonical\" href=\"https:\/\/amvs.ch\/fr\/adhesion-a-lassociation\/\" \/>\n<meta property=\"og:locale\" content=\"fr_FR\" \/>\n<meta property=\"og:type\" content=\"article\" \/>\n<meta property=\"og:title\" content=\"Adh\u00e9sion \u00e0 l\u2019association - AMVS - Ayurveda Medizin Verband Schweiz\" \/>\n<meta property=\"og:description\" content=\"[vc_row][vc_column][vc_column_text] Adh\u00e9sion \u00e0 l\u2019association Ensemble nous sommes toujours plus forts ! En devenant membre de l\u2019Association Suisse de M\u00e9decine Ayurv\u00e9dique ASMA (AMVS) vous \u00eates soutenus dans votre pratique en tant que naturopathe en m\u00e9decine ayurv\u00e9dique et profitez des nombreuses offres qu\u2019elle vous propose.[\/vc_column_text][\/vc_column][\/vc_row][vc_row][vc_column width=\u00a0\u00bb1\/2&Prime;][vc_column_text] Membres-A (naturopathe-s) Les membres-A sont des professionnels avec un ou plusieurs&hellip;\" \/>\n<meta property=\"og:url\" content=\"https:\/\/amvs.ch\/fr\/adhesion-a-lassociation\/\" \/>\n<meta property=\"og:site_name\" content=\"AMVS - Ayurveda Medizin Verband Schweiz\" \/>\n<meta property=\"article:modified_time\" content=\"2020-01-16T14:46:19+00:00\" \/>\n<meta name=\"twitter:card\" content=\"summary_large_image\" \/>\n<meta name=\"twitter:label1\" content=\"Dur\u00e9e de lecture estim\u00e9e\" \/>\n\t<meta name=\"twitter:data1\" content=\"2 minutes\" \/>\n<script type=\"application\/ld+json\" class=\"yoast-schema-graph\">{\"@context\":\"https:\\\/\\\/schema.org\",\"@graph\":[{\"@type\":\"WebPage\",\"@id\":\"https:\\\/\\\/amvs.ch\\\/fr\\\/adhesion-a-lassociation\\\/\",\"url\":\"https:\\\/\\\/amvs.ch\\\/fr\\\/adhesion-a-lassociation\\\/\",\"name\":\"Adh\u00e9sion \u00e0 l\u2019association - AMVS - Ayurveda Medizin Verband Schweiz\",\"isPartOf\":{\"@id\":\"https:\\\/\\\/amvs.ch\\\/fr\\\/#website\"},\"datePublished\":\"2020-01-03T15:12:48+00:00\",\"dateModified\":\"2020-01-16T14:46:19+00:00\",\"breadcrumb\":{\"@id\":\"https:\\\/\\\/amvs.ch\\\/fr\\\/adhesion-a-lassociation\\\/#breadcrumb\"},\"inLanguage\":\"fr-FR\",\"potentialAction\":[{\"@type\":\"ReadAction\",\"target\":[\"https:\\\/\\\/amvs.ch\\\/fr\\\/adhesion-a-lassociation\\\/\"]}]},{\"@type\":\"BreadcrumbList\",\"@id\":\"https:\\\/\\\/amvs.ch\\\/fr\\\/adhesion-a-lassociation\\\/#breadcrumb\",\"itemListElement\":[{\"@type\":\"ListItem\",\"position\":1,\"name\":\"Startseite\",\"item\":\"https:\\\/\\\/amvs.ch\\\/fr\\\/\"},{\"@type\":\"ListItem\",\"position\":2,\"name\":\"Adh\u00e9sion \u00e0 l\u2019association\"}]},{\"@type\":\"WebSite\",\"@id\":\"https:\\\/\\\/amvs.ch\\\/fr\\\/#website\",\"url\":\"https:\\\/\\\/amvs.ch\\\/fr\\\/\",\"name\":\"AMVS - Ayurveda Medizin Verband Schweiz\",\"description\":\"Ayurveda Medizin Verband Schweiz\",\"publisher\":{\"@id\":\"https:\\\/\\\/amvs.ch\\\/fr\\\/#organization\"},\"potentialAction\":[{\"@type\":\"SearchAction\",\"target\":{\"@type\":\"EntryPoint\",\"urlTemplate\":\"https:\\\/\\\/amvs.ch\\\/fr\\\/?s={search_term_string}\"},\"query-input\":{\"@type\":\"PropertyValueSpecification\",\"valueRequired\":true,\"valueName\":\"search_term_string\"}}],\"inLanguage\":\"fr-FR\"},{\"@type\":\"Organization\",\"@id\":\"https:\\\/\\\/amvs.ch\\\/fr\\\/#organization\",\"name\":\"Ayurveda Medizin Verband Schweiz\",\"url\":\"https:\\\/\\\/amvs.ch\\\/fr\\\/\",\"logo\":{\"@type\":\"ImageObject\",\"inLanguage\":\"fr-FR\",\"@id\":\"https:\\\/\\\/amvs.ch\\\/fr\\\/#\\\/schema\\\/logo\\\/image\\\/\",\"url\":\"https:\\\/\\\/amvs.ch\\\/wp-content\\\/uploads\\\/logo-amvs-pos.png\",\"contentUrl\":\"https:\\\/\\\/amvs.ch\\\/wp-content\\\/uploads\\\/logo-amvs-pos.png\",\"width\":400,\"height\":63,\"caption\":\"Ayurveda Medizin Verband Schweiz\"},\"image\":{\"@id\":\"https:\\\/\\\/amvs.ch\\\/fr\\\/#\\\/schema\\\/logo\\\/image\\\/\"}}]}<\/script>\n<!-- \/ Yoast SEO plugin. -->","yoast_head_json":{"title":"Adh\u00e9sion \u00e0 l\u2019association - AMVS - Ayurveda Medizin Verband Schweiz","robots":{"index":"index","follow":"follow","max-snippet":"max-snippet:-1","max-image-preview":"max-image-preview:large","max-video-preview":"max-video-preview:-1"},"canonical":"https:\/\/amvs.ch\/fr\/adhesion-a-lassociation\/","og_locale":"fr_FR","og_type":"article","og_title":"Adh\u00e9sion \u00e0 l\u2019association - AMVS - Ayurveda Medizin Verband Schweiz","og_description":"[vc_row][vc_column][vc_column_text] Adh\u00e9sion \u00e0 l\u2019association Ensemble nous sommes toujours plus forts ! En devenant membre de l\u2019Association Suisse de M\u00e9decine Ayurv\u00e9dique ASMA (AMVS) vous \u00eates soutenus dans votre pratique en tant que naturopathe en m\u00e9decine ayurv\u00e9dique et profitez des nombreuses offres qu\u2019elle vous propose.[\/vc_column_text][\/vc_column][\/vc_row][vc_row][vc_column width=\u00a0\u00bb1\/2&Prime;][vc_column_text] Membres-A (naturopathe-s) Les membres-A sont des professionnels avec un ou plusieurs&hellip;","og_url":"https:\/\/amvs.ch\/fr\/adhesion-a-lassociation\/","og_site_name":"AMVS - Ayurveda Medizin Verband Schweiz","article_modified_time":"2020-01-16T14:46:19+00:00","twitter_card":"summary_large_image","twitter_misc":{"Dur\u00e9e de lecture estim\u00e9e":"2 minutes"},"schema":{"@context":"https:\/\/schema.org","@graph":[{"@type":"WebPage","@id":"https:\/\/amvs.ch\/fr\/adhesion-a-lassociation\/","url":"https:\/\/amvs.ch\/fr\/adhesion-a-lassociation\/","name":"Adh\u00e9sion \u00e0 l\u2019association - AMVS - Ayurveda Medizin Verband Schweiz","isPartOf":{"@id":"https:\/\/amvs.ch\/fr\/#website"},"datePublished":"2020-01-03T15:12:48+00:00","dateModified":"2020-01-16T14:46:19+00:00","breadcrumb":{"@id":"https:\/\/amvs.ch\/fr\/adhesion-a-lassociation\/#breadcrumb"},"inLanguage":"fr-FR","potentialAction":[{"@type":"ReadAction","target":["https:\/\/amvs.ch\/fr\/adhesion-a-lassociation\/"]}]},{"@type":"BreadcrumbList","@id":"https:\/\/amvs.ch\/fr\/adhesion-a-lassociation\/#breadcrumb","itemListElement":[{"@type":"ListItem","position":1,"name":"Startseite","item":"https:\/\/amvs.ch\/fr\/"},{"@type":"ListItem","position":2,"name":"Adh\u00e9sion \u00e0 l\u2019association"}]},{"@type":"WebSite","@id":"https:\/\/amvs.ch\/fr\/#website","url":"https:\/\/amvs.ch\/fr\/","name":"AMVS - Ayurveda Medizin Verband Schweiz","description":"Ayurveda Medizin Verband Schweiz","publisher":{"@id":"https:\/\/amvs.ch\/fr\/#organization"},"potentialAction":[{"@type":"SearchAction","target":{"@type":"EntryPoint","urlTemplate":"https:\/\/amvs.ch\/fr\/?s={search_term_string}"},"query-input":{"@type":"PropertyValueSpecification","valueRequired":true,"valueName":"search_term_string"}}],"inLanguage":"fr-FR"},{"@type":"Organization","@id":"https:\/\/amvs.ch\/fr\/#organization","name":"Ayurveda Medizin Verband Schweiz","url":"https:\/\/amvs.ch\/fr\/","logo":{"@type":"ImageObject","inLanguage":"fr-FR","@id":"https:\/\/amvs.ch\/fr\/#\/schema\/logo\/image\/","url":"https:\/\/amvs.ch\/wp-content\/uploads\/logo-amvs-pos.png","contentUrl":"https:\/\/amvs.ch\/wp-content\/uploads\/logo-amvs-pos.png","width":400,"height":63,"caption":"Ayurveda Medizin Verband Schweiz"},"image":{"@id":"https:\/\/amvs.ch\/fr\/#\/schema\/logo\/image\/"}}]}},"_links":{"self":[{"href":"https:\/\/amvs.ch\/fr\/wp-json\/wp\/v2\/pages\/280","targetHints":{"allow":["GET"]}}],"collection":[{"href":"https:\/\/amvs.ch\/fr\/wp-json\/wp\/v2\/pages"}],"about":[{"href":"https:\/\/amvs.ch\/fr\/wp-json\/wp\/v2\/types\/page"}],"author":[{"embeddable":true,"href":"https:\/\/amvs.ch\/fr\/wp-json\/wp\/v2\/users\/1"}],"replies":[{"embeddable":true,"href":"https:\/\/amvs.ch\/fr\/wp-json\/wp\/v2\/comments?post=280"}],"version-history":[{"count":0,"href":"https:\/\/amvs.ch\/fr\/wp-json\/wp\/v2\/pages\/280\/revisions"}],"wp:attachment":[{"href":"https:\/\/amvs.ch\/fr\/wp-json\/wp\/v2\/media?parent=280"}],"curies":[{"name":"wp","href":"https:\/\/api.w.org\/{rel}","templated":true}]}}